{"id":70,"date":"2022-05-24T08:04:42","date_gmt":"2022-05-24T06:04:42","guid":{"rendered":"https:\/\/kurssite.goteborgnu.se\/hanaholmen\/?page_id=70"},"modified":"2022-05-27T09:09:13","modified_gmt":"2022-05-27T07:09:13","slug":"om-kursen","status":"publish","type":"page","link":"https:\/\/kurssite.goteborgnu.se\/hanaholmen\/om-kursen\/","title":{"rendered":"Om kursen"},"content":{"rendered":"\n<p><em>\u00d6stersj\u00f6n och milj\u00f6journalistik<\/em> var en intensivkurs f\u00f6r blivande journalister fr\u00e5n Sverige och Finland anordnad p\u00e5 <a href=\"http:\/\/hanaholmen.fi\">Hanaholmen<\/a>, kulturcentret f\u00f6r Sverige och Finland, den 23-27 maj 2022.\u00a0<\/p>\n\n\n\n<p>Kursen inneh\u00f6ll expertf\u00f6rel\u00e4sningar, diskussioner och workshopar d\u00e4r journaliststuderande arbetar i blandade grupper under ledning av erfarna journalister och skapade aktuellt material som publicerades p\u00e5 kursens hemsida. \u00c4ven studiebes\u00f6k och kulturprogram ingick i programmet.<\/p>\n\n\n\n<p>Journalistkursen var <a href=\"https:\/\/www.hanaholmen.fi\/sv\/kulturcentrum-2\/hanaholmen\/fonderna\/kulturfonden-sverige-och-finland\/\">Kulturfonden f\u00f6r Sverige och Finlands<\/a> mediesatsning, som genomf\u00f6rdes i samarbete med journalistutbildningarna vid <a href=\"https:\/\/www.helsinki.fi\/fi\/svenska-social-och-kommunalhogskolan\">Helsingfors universitet (Soc&amp;kom)<\/a>, <a href=\"https:\/\/www.tuni.fi\/en\/about-us\/faculty-information-technology-and-communication-sciences\">Tammerfors universitet (ITC)<\/a> och <a href=\"http:\/\/jmg.gu.se\">G\u00f6teborgs universitet (JMG)<\/a>.<\/p>\n\n\n\n<p>Se presentationen av kursen p\u00e5 <a href=\"https:\/\/www.hanaholmen.fi\/sv\/event\/ostersjo-och-miljojournalistik\/\">Hanaholmens hemsida<\/a>. <\/p>\n\n\n\n<p>Se \u00e4ven kurssidan f\u00f6r den tidigare journalistkursen om <a href=\"https:\/\/utrikes.jmg.gu.se\">Ryssland och faktagranskning<\/a> (2018).<\/p>\n\n\n\n<p>F\u00f6r mer information om kursen kontakta projektchef Tiinaliisa Granholm, tiinaliisa.granholm@hanaholmen.fi.<\/p>\n\n\n\n<figure class=\"wp-block-gallery has-nested-images columns-default is-cropped wp-block-gallery-1 is-layout-flex wp-block-gallery-is-layout-flex\">\n<figure class=\"wp-block-image size-large\"><img loading=\"lazy\" decoding=\"async\" width=\"800\" height=\"145\" data-id=\"630\" src=\"https:\/\/kurssite.goteborgnu.se\/hanaholmen\/wp-content\/uploads\/sites\/2\/2022\/05\/Logobanneri_Fonden_Hanaholmen_800px.jpg\" alt=\"\" class=\"wp-image-630\" srcset=\"https:\/\/kurssite.goteborgnu.se\/hanaholmen\/wp-content\/uploads\/sites\/2\/2022\/05\/Logobanneri_Fonden_Hanaholmen_800px.jpg 800w, https:\/\/kurssite.goteborgnu.se\/hanaholmen\/wp-content\/uploads\/sites\/2\/2022\/05\/Logobanneri_Fonden_Hanaholmen_800px-300x54.jpg 300w, https:\/\/kurssite.goteborgnu.se\/hanaholmen\/wp-content\/uploads\/sites\/2\/2022\/05\/Logobanneri_Fonden_Hanaholmen_800px-768x139.jpg 768w\" sizes=\"auto, (max-width: 800px) 100vw, 800px\" \/><\/figure>\n<\/figure>\n","protected":false},"excerpt":{"rendered":"<p>\u00d6stersj\u00f6n och milj\u00f6journalistik var en intensivkurs f\u00f6r blivande journalister fr\u00e5n Sverige och Finland anordnad p\u00e5 Hanaholmen, kulturcentret f\u00f6r Sverige och Finland, den 23-27 maj 2022.\u00a0 Kursen inneh\u00f6ll expertf\u00f6rel\u00e4sningar, diskussioner och workshopar d\u00e4r journaliststuderande arbetar i blandade grupper under ledning av erfarna journalister och skapade aktuellt material som publicerades p\u00e5 kursens hemsida. \u00c4ven studiebes\u00f6k och kulturprogram &#8230; <a title=\"Om kursen\" class=\"read-more\" href=\"https:\/\/kurssite.goteborgnu.se\/hanaholmen\/om-kursen\/\" aria-label=\"L\u00e4s mer om Om kursen\">L\u00e4s mer<\/a><\/p>\n","protected":false},"author":5,"featured_media":628,"parent":0,"menu_order":0,"comment_status":"closed","ping_status":"closed","template":"","meta":{"footnotes":""},"class_list":["post-70","page","type-page","status-publish","has-post-thumbnail"],"_links":{"self":[{"href":"https:\/\/kurssite.goteborgnu.se\/hanaholmen\/wp-json\/wp\/v2\/pages\/70","targetHints":{"allow":["GET"]}}],"collection":[{"href":"https:\/\/kurssite.goteborgnu.se\/hanaholmen\/wp-json\/wp\/v2\/pages"}],"about":[{"href":"https:\/\/kurssite.goteborgnu.se\/hanaholmen\/wp-json\/wp\/v2\/types\/page"}],"author":[{"embeddable":true,"href":"https:\/\/kurssite.goteborgnu.se\/hanaholmen\/wp-json\/wp\/v2\/users\/5"}],"replies":[{"embeddable":true,"href":"https:\/\/kurssite.goteborgnu.se\/hanaholmen\/wp-json\/wp\/v2\/comments?post=70"}],"version-history":[{"count":8,"href":"https:\/\/kurssite.goteborgnu.se\/hanaholmen\/wp-json\/wp\/v2\/pages\/70\/revisions"}],"predecessor-version":[{"id":642,"href":"https:\/\/kurssite.goteborgnu.se\/hanaholmen\/wp-json\/wp\/v2\/pages\/70\/revisions\/642"}],"wp:featuredmedia":[{"embeddable":true,"href":"https:\/\/kurssite.goteborgnu.se\/hanaholmen\/wp-json\/wp\/v2\/media\/628"}],"wp:attachment":[{"href":"https:\/\/kurssite.goteborgnu.se\/hanaholmen\/wp-json\/wp\/v2\/media?parent=70"}],"curies":[{"name":"wp","href":"https:\/\/api.w.org\/{rel}","templated":true}]}}