{"id":32,"date":"2023-05-14T11:13:51","date_gmt":"2023-05-14T09:13:51","guid":{"rendered":"https:\/\/kurssite.goteborgnu.se\/energi\/?page_id=32"},"modified":"2023-05-15T15:45:40","modified_gmt":"2023-05-15T12:45:40","slug":"om-kursen","status":"publish","type":"page","link":"https:\/\/kurssite.goteborgnu.se\/energi\/om-kursen\/","title":{"rendered":"Om kursen"},"content":{"rendered":"\n<div class=\"wp-block-media-text alignwide has-media-on-the-right is-stacked-on-mobile is-image-fill\"><div class=\"wp-block-media-text__content\">\n<p>\u00c5rets 2023 upplaga av journalistkursen p\u00e5 Hanaholmen har energi som tema. Kursen anordnas av kulturcentret f\u00f6r Sverige och Finland den 15-19 maj i Esbo.<\/p>\n\n\n\n<p>Kursen inneh\u00e5ller expertf\u00f6rel\u00e4sningar, diskussioner och workshopar d\u00e4r journaliststuderande arbetar i blandade grupper under ledning av erfarna journalister och skapar aktuellt material som publiceras p\u00e5 kursens hemsida. \u00c4ven studiebes\u00f6k och kulturprogram ing\u00e5r i programmet.<\/p>\n\n\n\n<p>Journalistkursen \u00e4r em del av&nbsp;<a href=\"https:\/\/www.hanaholmen.fi\/sv\/kulturcentrum-2\/hanaholmen\/fonderna\/kulturfonden-sverige-och-finland\/\">Kulturfonden f\u00f6r Sverige och Finlands<\/a>&nbsp;mediesatsning, som genomf\u00f6rs i samarbete med journalistutbildningarna vid&nbsp;<a href=\"https:\/\/www.helsinki.fi\/fi\/svenska-social-och-kommunalhogskolan\">Helsingfors universitet (Soc&amp;kom)<\/a>,&nbsp;<a href=\"https:\/\/www.tuni.fi\/en\/about-us\/faculty-information-technology-and-communication-sciences\">Tammerfors universitet (ITC)<\/a>&nbsp;och&nbsp;<a href=\"http:\/\/jmg.gu.se\">G\u00f6teborgs universitet (JMG)<\/a>.<\/p>\n\n\n\n<p>Se \u00e4ven kurssidorna f\u00f6r de tidigare journalistkurserna om <a href=\"https:\/\/kurssite.goteborgnu.se\/hanaholmen\/\">\u00d6stersj\u00f6n och milj\u00f6journalistik<\/a> (2022) och <a href=\"https:\/\/utrikes.jmg.gu.se\">Ryssland och faktagranskning<\/a> (2018).<\/p>\n\n\n\n<p>Kontaktpersoner:<br>Tiinaliisa Granholm, tiinaliisa.granholm@hanaholmen.fi (projektchef)<br>Maarit Jaakkola, maarit.jaakkola@gu.se (administrat\u00f6r av denna webbplats)<\/p>\n<\/div><figure class=\"wp-block-media-text__media\" style=\"background-image:url(https:\/\/kurssite.goteborgnu.se\/energi\/wp-content\/uploads\/sites\/4\/2023\/05\/PHOTO-2023-05-15-15-19-07.jpg);background-position:50% 50%\"><img loading=\"lazy\" decoding=\"async\" width=\"768\" height=\"1024\" src=\"https:\/\/kurssite.goteborgnu.se\/energi\/wp-content\/uploads\/sites\/4\/2023\/05\/PHOTO-2023-05-15-15-19-07.jpg\" alt=\"\" class=\"wp-image-112 size-full\" srcset=\"https:\/\/kurssite.goteborgnu.se\/energi\/wp-content\/uploads\/sites\/4\/2023\/05\/PHOTO-2023-05-15-15-19-07.jpg 768w, https:\/\/kurssite.goteborgnu.se\/energi\/wp-content\/uploads\/sites\/4\/2023\/05\/PHOTO-2023-05-15-15-19-07-225x300.jpg 225w\" sizes=\"auto, (max-width: 768px) 100vw, 768px\" \/><\/figure><\/div>\n\n\n\n<p><\/p>\n\n\n\n<figure class=\"wp-block-image size-large\"><img loading=\"lazy\" decoding=\"async\" width=\"1024\" height=\"205\" src=\"https:\/\/kurssite.goteborgnu.se\/energi\/wp-content\/uploads\/sites\/4\/2023\/05\/Skarmavbild-2023-05-14-kl.-13.36.59-1024x205.png\" alt=\"\" class=\"wp-image-53\" srcset=\"https:\/\/kurssite.goteborgnu.se\/energi\/wp-content\/uploads\/sites\/4\/2023\/05\/Skarmavbild-2023-05-14-kl.-13.36.59-1024x205.png 1024w, https:\/\/kurssite.goteborgnu.se\/energi\/wp-content\/uploads\/sites\/4\/2023\/05\/Skarmavbild-2023-05-14-kl.-13.36.59-300x60.png 300w, https:\/\/kurssite.goteborgnu.se\/energi\/wp-content\/uploads\/sites\/4\/2023\/05\/Skarmavbild-2023-05-14-kl.-13.36.59-768x153.png 768w, https:\/\/kurssite.goteborgnu.se\/energi\/wp-content\/uploads\/sites\/4\/2023\/05\/Skarmavbild-2023-05-14-kl.-13.36.59.png 1402w\" sizes=\"auto, (max-width: 1024px) 100vw, 1024px\" \/><\/figure>\n","protected":false},"excerpt":{"rendered":"<p>\u00c5rets 2023 upplaga av journalistkursen p\u00e5 Hanaholmen har energi som tema. Kursen anordnas av kulturcentret f\u00f6r Sverige och Finland den 15-19 maj i Esbo. Kursen inneh\u00e5ller expertf\u00f6rel\u00e4sningar, diskussioner och workshopar d\u00e4r journaliststuderande arbetar i blandade grupper under ledning av erfarna journalister och skapar aktuellt material som publiceras p\u00e5 kursens hemsida. \u00c4ven studiebes\u00f6k och kulturprogram ing\u00e5r &#8230; <a title=\"Om kursen\" class=\"read-more\" href=\"https:\/\/kurssite.goteborgnu.se\/energi\/om-kursen\/\" aria-label=\"L\u00e4s mer om Om kursen\">L\u00e4s mer<\/a><\/p>\n","protected":false},"author":2,"featured_media":0,"parent":0,"menu_order":0,"comment_status":"closed","ping_status":"closed","template":"","meta":{"footnotes":""},"class_list":["post-32","page","type-page","status-publish"],"_links":{"self":[{"href":"https:\/\/kurssite.goteborgnu.se\/energi\/wp-json\/wp\/v2\/pages\/32","targetHints":{"allow":["GET"]}}],"collection":[{"href":"https:\/\/kurssite.goteborgnu.se\/energi\/wp-json\/wp\/v2\/pages"}],"about":[{"href":"https:\/\/kurssite.goteborgnu.se\/energi\/wp-json\/wp\/v2\/types\/page"}],"author":[{"embeddable":true,"href":"https:\/\/kurssite.goteborgnu.se\/energi\/wp-json\/wp\/v2\/users\/2"}],"replies":[{"embeddable":true,"href":"https:\/\/kurssite.goteborgnu.se\/energi\/wp-json\/wp\/v2\/comments?post=32"}],"version-history":[{"count":8,"href":"https:\/\/kurssite.goteborgnu.se\/energi\/wp-json\/wp\/v2\/pages\/32\/revisions"}],"predecessor-version":[{"id":118,"href":"https:\/\/kurssite.goteborgnu.se\/energi\/wp-json\/wp\/v2\/pages\/32\/revisions\/118"}],"wp:attachment":[{"href":"https:\/\/kurssite.goteborgnu.se\/energi\/wp-json\/wp\/v2\/media?parent=32"}],"curies":[{"name":"wp","href":"https:\/\/api.w.org\/{rel}","templated":true}]}}